{"id":28,"date":"2012-12-23T17:36:21","date_gmt":"2012-12-23T16:36:21","guid":{"rendered":"http:\/\/www.dreh-scheibe.de\/dreh-scheibe\/?page_id=28"},"modified":"2018-05-24T14:40:38","modified_gmt":"2018-05-24T13:40:38","slug":"uber-mich","status":"publish","type":"page","link":"https:\/\/www.dreh-scheibe.de\/dreh-scheibe\/uber-mich\/","title":{"rendered":"\u00dcber mich"},"content":{"rendered":"<p><a href=\"http:\/\/www.dreh-scheibe.de\/dreh-scheibe\/?attachment_id=54\" rel=\"attachment wp-att-54\"><img loading=\"lazy\" decoding=\"async\" class=\" wp-image-54 alignleft\" alt=\"Gitti1\" src=\"http:\/\/www.dreh-scheibe.de\/dreh-scheibe\/wp-content\/uploads\/2012\/12\/Gitti1-136x300.jpg\" width=\"82\" height=\"180\" srcset=\"https:\/\/www.dreh-scheibe.de\/dreh-scheibe\/wp-content\/uploads\/2012\/12\/Gitti1-136x300.jpg 136w, https:\/\/www.dreh-scheibe.de\/dreh-scheibe\/wp-content\/uploads\/2012\/12\/Gitti1-466x1024.jpg 466w, https:\/\/www.dreh-scheibe.de\/dreh-scheibe\/wp-content\/uploads\/2012\/12\/Gitti1.jpg 565w\" sizes=\"auto, (max-width: 82px) 100vw, 82px\" \/><\/a><\/p>\n<p style=\"text-align: left;\"><span style=\"color: #000000;\"><strong>Standort:<\/strong><\/span> <span style=\"color: #808080;\">Kreis Ansbach, Mittelfranken<\/span><br \/>\n<span style=\"color: #808080;\"><strong><span style=\"color: #000000;\">Beruf:<\/span> \u00a0 \u00a0 \u00a0 <\/strong><\/span><strong>\u00a0<\/strong><span style=\"color: #808080;\">Keramikmeisterin , Taxiunternehmerin<\/span><br \/>\n<span style=\"color: #000000;\"><strong>Einf\u00fchrung:<\/strong><\/span>\u00a0 <span style=\"color: #808080;\">Die Offenheit f\u00fcr die Verarbeitung vieler Materialien schafft un<\/span><span style=\"color: #808080;\">endlich viele M\u00f6glichkeiten der Kreativit\u00e4t, verst\u00e4rkt wird es durch die Neugierde immer neue Techniken auszuprobieren und neue Materialen zu verarbeiten.<\/span> <span style=\"color: #808080;\">Die Liebe zum Papier ist eine treibende Kraft in meinem Leben.<\/span><\/p>\n<p style=\"text-align: left;\"><strong><span style=\"color: #000000;\">Interessen:<\/span> <span style=\"color: #808080;\">Fotografie, Bewegung f\u00fcr Geist und\u00a0\u00a0 K\u00f6rper, Natur und soooooooo vieles mehr.<\/span><\/strong><\/p>\n<p style=\"text-align: justify;\"><span style=\"color: #808080;\"><strong><br \/>\n<\/strong><\/span><\/p>\n","protected":false},"excerpt":{"rendered":"<p>Standort: Kreis Ansbach, Mittelfranken Beruf: \u00a0 \u00a0 \u00a0 \u00a0Keramikmeisterin , Taxiunternehmerin Einf\u00fchrung:\u00a0 Die Offenheit f\u00fcr die Verarbeitung vieler Materialien schafft unendlich viele M\u00f6glichkeiten der Kreativit\u00e4t, verst\u00e4rkt wird es durch die Neugierde immer neue Techniken auszuprobieren und neue Materialen zu verarbeiten. Die Liebe zum Papier ist eine treibende Kraft in meinem Leben. Interessen: Fotografie, Bewegung f\u00fcr Geist und\u00a0\u00a0 K\u00f6rper, Natur und soooooooo vieles mehr.<\/p>\n","protected":false},"author":2,"featured_media":0,"parent":0,"menu_order":2,"comment_status":"closed","ping_status":"closed","template":"","meta":{"pgc_sgb_lightbox_settings":"","footnotes":""},"class_list":["post-28","page","type-page","status-publish","hentry"],"jetpack_sharing_enabled":true,"_links":{"self":[{"href":"https:\/\/www.dreh-scheibe.de\/dreh-scheibe\/wp-json\/wp\/v2\/pages\/28","targetHints":{"allow":["GET"]}}],"collection":[{"href":"https:\/\/www.dreh-scheibe.de\/dreh-scheibe\/wp-json\/wp\/v2\/pages"}],"about":[{"href":"https:\/\/www.dreh-scheibe.de\/dreh-scheibe\/wp-json\/wp\/v2\/types\/page"}],"author":[{"embeddable":true,"href":"https:\/\/www.dreh-scheibe.de\/dreh-scheibe\/wp-json\/wp\/v2\/users\/2"}],"replies":[{"embeddable":true,"href":"https:\/\/www.dreh-scheibe.de\/dreh-scheibe\/wp-json\/wp\/v2\/comments?post=28"}],"version-history":[{"count":13,"href":"https:\/\/www.dreh-scheibe.de\/dreh-scheibe\/wp-json\/wp\/v2\/pages\/28\/revisions"}],"predecessor-version":[{"id":3751,"href":"https:\/\/www.dreh-scheibe.de\/dreh-scheibe\/wp-json\/wp\/v2\/pages\/28\/revisions\/3751"}],"wp:attachment":[{"href":"https:\/\/www.dreh-scheibe.de\/dreh-scheibe\/wp-json\/wp\/v2\/media?parent=28"}],"curies":[{"name":"wp","href":"https:\/\/api.w.org\/{rel}","templated":true}]}}