{"id":6,"date":"2012-12-23T18:01:26","date_gmt":"2012-12-23T17:01:26","guid":{"rendered":"http:\/\/www.dreh-scheibe.de\/dreh-scheibe\/?page_id=6"},"modified":"2018-07-04T17:29:03","modified_gmt":"2018-07-04T16:29:03","slug":"auftragsarbeiten","status":"publish","type":"page","link":"https:\/\/www.dreh-scheibe.de\/dreh-scheibe\/auftragsarbeiten\/","title":{"rendered":"Auftragsarbeiten"},"content":{"rendered":"<p><span style=\"color: #808080;\">Sind Sie auf der Suche nach<span style=\"color: #993300;\"> besonderen <\/span><span style=\"color: #993300;\">Gestaltungsideen. <span style=\"color: #808080;\">Ich fertige in <span style=\"color: #ff0000;\"><span style=\"color: #993300;\">Handarbeit<\/span> <\/span><\/span><\/span><\/span><span style=\"color: #808080;\"><span style=\"color: #993300;\"><span style=\"color: #808080;\">Einladungskarten, Gl\u00fcckwunschkarten aller Art, kleine<\/span><span style=\"color: #808080;\"> Verpackungen f\u00fcr die netten Aufmerksamkeiten im Leben oder das Zubeh\u00f6r <span style=\"color: #800000;\">f\u00fcr Ihre Feierlichkeiten<\/span>. Durch die <\/span><\/span><\/span><span style=\"color: #808080;\"><span style=\"color: #993300;\"><span style=\"color: #808080;\">Vielfalt an Papieren und diversem Werzeug stehen mir\u00a0 viele Gestaltungsm\u00f6glichkeiten zur Verf\u00fcgung.\u00a0<span style=\"color: #993300;\"> Jede Begebenheit ist individuell und bedarf einer besonderen Gestaltung.<\/span><br \/>\n<\/span><\/span><\/span><\/p>\n<p><span style=\"color: #808080;\"><span style=\"color: #993300;\"><span style=\"color: #808080;\"><span style=\"color: #999999;\"><span style=\"color: #808080;\"><span style=\"color: #993300;\">Gerne plane ich f\u00fcr Ihren Fachhandel eine Papierpr\u00e4sentation mir Ihrem Sortiment.<\/span> Organisieren Sie ein Kundenevent und wir tauchen gemeinsam in die Welt der Papierkreationen ein.<\/span><span style=\"color: #800000;\"> Kontaktieren Sie mich unter info@dreh-scheibe.de.<br \/>\n<a href=\"http:\/\/www.dreh-scheibe.de\/dreh-scheibe\/wp-content\/uploads\/2013\/06\/Hochzeit-Tischschmuck4.jpg\"><img loading=\"lazy\" decoding=\"async\" class=\"alignnone size-medium wp-image-593\" src=\"http:\/\/www.dreh-scheibe.de\/dreh-scheibe\/wp-content\/uploads\/2013\/06\/Hochzeit-Tischschmuck4-267x300.jpg\" alt=\"Hochzeit-Tischschmuck4\" width=\"267\" height=\"300\" srcset=\"https:\/\/www.dreh-scheibe.de\/dreh-scheibe\/wp-content\/uploads\/2013\/06\/Hochzeit-Tischschmuck4-267x300.jpg 267w, https:\/\/www.dreh-scheibe.de\/dreh-scheibe\/wp-content\/uploads\/2013\/06\/Hochzeit-Tischschmuck4-600x673.jpg 600w, https:\/\/www.dreh-scheibe.de\/dreh-scheibe\/wp-content\/uploads\/2013\/06\/Hochzeit-Tischschmuck4.jpg 800w\" sizes=\"auto, (max-width: 267px) 100vw, 267px\" \/><\/a><\/span><\/span><br \/>\n<\/span><\/span><\/span><\/p>\n<figure id=\"attachment_403\" aria-describedby=\"caption-attachment-403\" style=\"width: 288px\" class=\"wp-caption alignnone\"><a href=\"http:\/\/www.dreh-scheibe.de\/dreh-scheibe\/?attachment_id=403\" rel=\"attachment wp-att-403\"><img loading=\"lazy\" decoding=\"async\" class=\"size-medium wp-image-403 \" src=\"http:\/\/www.dreh-scheibe.de\/dreh-scheibe\/wp-content\/uploads\/2013\/02\/Hochzeit-Scherenschnitt1-Block-288x300.jpg\" alt=\"Hochzeit-Scherenschnitt1-Block\" width=\"288\" height=\"300\" srcset=\"https:\/\/www.dreh-scheibe.de\/dreh-scheibe\/wp-content\/uploads\/2013\/02\/Hochzeit-Scherenschnitt1-Block-288x300.jpg 288w, https:\/\/www.dreh-scheibe.de\/dreh-scheibe\/wp-content\/uploads\/2013\/02\/Hochzeit-Scherenschnitt1-Block-600x624.jpg 600w, https:\/\/www.dreh-scheibe.de\/dreh-scheibe\/wp-content\/uploads\/2013\/02\/Hochzeit-Scherenschnitt1-Block.jpg 900w\" sizes=\"auto, (max-width: 288px) 100vw, 288px\" \/><\/a><figcaption id=\"caption-attachment-403\" class=\"wp-caption-text\">Lustige Hochzeitskarten mit Scherenschnitt und Pr\u00e4gung<\/figcaption><\/figure>\n<figure id=\"attachment_735\" aria-describedby=\"caption-attachment-735\" style=\"width: 297px\" class=\"wp-caption alignnone\"><a href=\"http:\/\/www.dreh-scheibe.de\/dreh-scheibe\/wp-content\/uploads\/2013\/09\/Tischkarten-SCH\u00d6N1-Block1.jpg\"><img loading=\"lazy\" decoding=\"async\" class=\"size-medium wp-image-735\" src=\"http:\/\/www.dreh-scheibe.de\/dreh-scheibe\/wp-content\/uploads\/2013\/09\/Tischkarten-SCH\u00d6N1-Block1-297x300.jpg\" alt=\"Tischkarten\" width=\"297\" height=\"300\" srcset=\"https:\/\/www.dreh-scheibe.de\/dreh-scheibe\/wp-content\/uploads\/2013\/09\/Tischkarten-SCH\u00d6N1-Block1-297x300.jpg 297w, https:\/\/www.dreh-scheibe.de\/dreh-scheibe\/wp-content\/uploads\/2013\/09\/Tischkarten-SCH\u00d6N1-Block1-100x100.jpg 100w, https:\/\/www.dreh-scheibe.de\/dreh-scheibe\/wp-content\/uploads\/2013\/09\/Tischkarten-SCH\u00d6N1-Block1-600x605.jpg 600w, https:\/\/www.dreh-scheibe.de\/dreh-scheibe\/wp-content\/uploads\/2013\/09\/Tischkarten-SCH\u00d6N1-Block1.jpg 800w\" sizes=\"auto, (max-width: 297px) 100vw, 297px\" \/><\/a><figcaption id=\"caption-attachment-735\" class=\"wp-caption-text\">Tischkarten<\/figcaption><\/figure>\n<figure id=\"attachment_728\" aria-describedby=\"caption-attachment-728\" style=\"width: 300px\" class=\"wp-caption alignnone\"><a href=\"http:\/\/www.dreh-scheibe.de\/dreh-scheibe\/wp-content\/uploads\/2013\/08\/Tischkarten-DANKE1-Block2.jpg\"><img loading=\"lazy\" decoding=\"async\" class=\"size-medium wp-image-728\" src=\"http:\/\/www.dreh-scheibe.de\/dreh-scheibe\/wp-content\/uploads\/2013\/08\/Tischkarten-DANKE1-Block2-300x115.jpg\" alt=\"Tischkarten\" width=\"300\" height=\"115\" srcset=\"https:\/\/www.dreh-scheibe.de\/dreh-scheibe\/wp-content\/uploads\/2013\/08\/Tischkarten-DANKE1-Block2-300x115.jpg 300w, https:\/\/www.dreh-scheibe.de\/dreh-scheibe\/wp-content\/uploads\/2013\/08\/Tischkarten-DANKE1-Block2-600x231.jpg 600w, https:\/\/www.dreh-scheibe.de\/dreh-scheibe\/wp-content\/uploads\/2013\/08\/Tischkarten-DANKE1-Block2-1024x394.jpg 1024w\" sizes=\"auto, (max-width: 300px) 100vw, 300px\" \/><\/a><figcaption id=\"caption-attachment-728\" class=\"wp-caption-text\">Tischkarten<\/figcaption><\/figure>\n<p><a href=\"http:\/\/www.dreh-scheibe.de\/dreh-scheibe\/wp-content\/uploads\/2013\/09\/Karte-\u00c4gypten2.jpg\"><img loading=\"lazy\" decoding=\"async\" class=\"alignnone size-medium wp-image-764\" src=\"http:\/\/www.dreh-scheibe.de\/dreh-scheibe\/wp-content\/uploads\/2013\/09\/Karte-\u00c4gypten2-288x300.jpg\" alt=\"Karte-\u00c4gypten2\" width=\"288\" height=\"300\" srcset=\"https:\/\/www.dreh-scheibe.de\/dreh-scheibe\/wp-content\/uploads\/2013\/09\/Karte-\u00c4gypten2-288x300.jpg 288w, https:\/\/www.dreh-scheibe.de\/dreh-scheibe\/wp-content\/uploads\/2013\/09\/Karte-\u00c4gypten2-600x625.jpg 600w, https:\/\/www.dreh-scheibe.de\/dreh-scheibe\/wp-content\/uploads\/2013\/09\/Karte-\u00c4gypten2.jpg 800w\" sizes=\"auto, (max-width: 288px) 100vw, 288px\" \/><\/a><br \/>\nDie Auftr\u00e4ge werden mit Liebe verpackt!<br \/>\n<a href=\"http:\/\/www.dreh-scheibe.de\/dreh-scheibe\/wp-content\/uploads\/2014\/02\/Verpackung-Kartenauftrag1.jpg\"><img loading=\"lazy\" decoding=\"async\" class=\"alignnone size-medium wp-image-903\" src=\"http:\/\/www.dreh-scheibe.de\/dreh-scheibe\/wp-content\/uploads\/2014\/02\/Verpackung-Kartenauftrag1-300x127.jpg\" alt=\"Verpackung-Kartenauftrag1\" width=\"300\" height=\"127\" srcset=\"https:\/\/www.dreh-scheibe.de\/dreh-scheibe\/wp-content\/uploads\/2014\/02\/Verpackung-Kartenauftrag1-300x127.jpg 300w, https:\/\/www.dreh-scheibe.de\/dreh-scheibe\/wp-content\/uploads\/2014\/02\/Verpackung-Kartenauftrag1-600x255.jpg 600w, https:\/\/www.dreh-scheibe.de\/dreh-scheibe\/wp-content\/uploads\/2014\/02\/Verpackung-Kartenauftrag1-1024x434.jpg 1024w, https:\/\/www.dreh-scheibe.de\/dreh-scheibe\/wp-content\/uploads\/2014\/02\/Verpackung-Kartenauftrag1.jpg 1884w\" sizes=\"auto, (max-width: 300px) 100vw, 300px\" \/><\/a><\/p>\n<p>&nbsp;<\/p>\n<p><span style=\"border-radius: 2px; text-indent: 20px; width: auto; padding: 0px 4px 0px 0px; text-align: center; font: bold 11px\/20px 'Helvetica Neue',Helvetica,sans-serif; color: #ffffff; background: #bd081c no-repeat scroll 3px 50% \/ 14px 14px; position: absolute; opacity: 1; z-index: 8675309; display: none; cursor: pointer; top: 252px; left: 20px;\">Merken<\/span><\/p>\n","protected":false},"excerpt":{"rendered":"<p>Sind Sie auf der Suche nach besonderen Gestaltungsideen. Ich fertige in Handarbeit Einladungskarten, Gl\u00fcckwunschkarten aller Art, kleine Verpackungen f\u00fcr die netten Aufmerksamkeiten im Leben oder das Zubeh\u00f6r f\u00fcr Ihre Feierlichkeiten. Durch die Vielfalt an Papieren und diversem Werzeug stehen mir\u00a0 viele Gestaltungsm\u00f6glichkeiten zur Verf\u00fcgung.\u00a0 Jede Begebenheit ist individuell und bedarf einer besonderen Gestaltung. Gerne plane ich f\u00fcr Ihren Fachhandel eine Papierpr\u00e4sentation mir Ihrem Sortiment. Organisieren Sie ein Kundenevent und wir tauchen gemeinsam in die Welt der Papierkreationen ein. Kontaktieren Sie mich unter info@dreh-scheibe.de. Die Auftr\u00e4ge werden mit Liebe verpackt! &nbsp; Merken<\/p>\n","protected":false},"author":2,"featured_media":0,"parent":0,"menu_order":6,"comment_status":"closed","ping_status":"closed","template":"","meta":{"pgc_sgb_lightbox_settings":"","footnotes":""},"class_list":["post-6","page","type-page","status-publish","hentry"],"jetpack_sharing_enabled":true,"_links":{"self":[{"href":"https:\/\/www.dreh-scheibe.de\/dreh-scheibe\/wp-json\/wp\/v2\/pages\/6","targetHints":{"allow":["GET"]}}],"collection":[{"href":"https:\/\/www.dreh-scheibe.de\/dreh-scheibe\/wp-json\/wp\/v2\/pages"}],"about":[{"href":"https:\/\/www.dreh-scheibe.de\/dreh-scheibe\/wp-json\/wp\/v2\/types\/page"}],"author":[{"embeddable":true,"href":"https:\/\/www.dreh-scheibe.de\/dreh-scheibe\/wp-json\/wp\/v2\/users\/2"}],"replies":[{"embeddable":true,"href":"https:\/\/www.dreh-scheibe.de\/dreh-scheibe\/wp-json\/wp\/v2\/comments?post=6"}],"version-history":[{"count":33,"href":"https:\/\/www.dreh-scheibe.de\/dreh-scheibe\/wp-json\/wp\/v2\/pages\/6\/revisions"}],"predecessor-version":[{"id":3937,"href":"https:\/\/www.dreh-scheibe.de\/dreh-scheibe\/wp-json\/wp\/v2\/pages\/6\/revisions\/3937"}],"wp:attachment":[{"href":"https:\/\/www.dreh-scheibe.de\/dreh-scheibe\/wp-json\/wp\/v2\/media?parent=6"}],"curies":[{"name":"wp","href":"https:\/\/api.w.org\/{rel}","templated":true}]}}